{"id":1053,"date":"2022-03-16T13:51:19","date_gmt":"2022-03-16T13:51:19","guid":{"rendered":"https:\/\/cnuf.mgdigital.pt\/?page_id=1053"},"modified":"2023-02-22T11:57:18","modified_gmt":"2023-02-22T11:57:18","slug":"national-partners","status":"publish","type":"page","link":"https:\/\/cnuf.pt\/en\/cnuf-network\/national-partners\/","title":{"rendered":"International Partners"},"content":{"rendered":"\t\t<div data-elementor-type=\"wp-page\" data-elementor-id=\"1053\" class=\"elementor elementor-1053 elementor-412\" data-elementor-post-type=\"page\">\n\t\t\t\t\t\t<section class=\"elementor-section elementor-top-section elementor-element elementor-element-69f2739 elementor-section-height-min-height elementor-section-boxed elementor-section-height-default elementor-section-items-middle\" data-id=\"69f2739\" data-element_type=\"section\" data-e-type=\"section\" data-settings=\"{&quot;background_background&quot;:&quot;classic&quot;}\">\n\t\t\t\t\t\t\t<div class=\"elementor-background-overlay\"><\/div>\n\t\t\t\t\t\t\t<div class=\"elementor-container elementor-column-gap-default\">\n\t\t\t\t\t<div class=\"elementor-column elementor-col-100 elementor-top-column elementor-element elementor-element-93d485e\" data-id=\"93d485e\" data-element_type=\"column\" data-e-type=\"column\">\n\t\t\t<div class=\"elementor-widget-wrap elementor-element-populated\">\n\t\t\t\t\t\t<div class=\"elementor-element elementor-element-7cceffe elementor-invisible elementor-widget elementor-widget-heading\" data-id=\"7cceffe\" data-element_type=\"widget\" data-e-type=\"widget\" data-settings=\"{&quot;_animation&quot;:&quot;fadeInUp&quot;}\" data-widget_type=\"heading.default\">\n\t\t\t\t<div class=\"elementor-widget-container\">\n\t\t\t\t\t<h2 class=\"elementor-heading-title elementor-size-default\">International Partners<\/h2>\t\t\t\t<\/div>\n\t\t\t\t<\/div>\n\t\t\t\t<div class=\"elementor-element elementor-element-2456ab8 elementor-icon-list--layout-inline elementor-align-center elementor-list-item-link-full_width elementor-invisible elementor-widget elementor-widget-icon-list\" data-id=\"2456ab8\" data-element_type=\"widget\" data-e-type=\"widget\" data-settings=\"{&quot;_animation&quot;:&quot;fadeInUp&quot;,&quot;_animation_delay&quot;:200}\" data-widget_type=\"icon-list.default\">\n\t\t\t\t<div class=\"elementor-widget-container\">\n\t\t\t\t\t\t\t<ul class=\"elementor-icon-list-items elementor-inline-items\">\n\t\t\t\t\t\t\t<li class=\"elementor-icon-list-item elementor-inline-item\">\n\t\t\t\t\t\t\t\t\t\t\t<a href=\"https:\/\/cnuf.pt\/en\">\n\n\t\t\t\t\t\t\t\t\t\t\t<span class=\"elementor-icon-list-text\">Home<\/span>\n\t\t\t\t\t\t\t\t\t\t\t<\/a>\n\t\t\t\t\t\t\t\t\t<\/li>\n\t\t\t\t\t\t\t\t<li class=\"elementor-icon-list-item elementor-inline-item\">\n\t\t\t\t\t\t\t\t\t\t\t<a href=\"https:\/\/cnuf.pt\/en\/cnuf-network\/\">\n\n\t\t\t\t\t\t\t\t\t\t\t\t<span class=\"elementor-icon-list-icon\">\n\t\t\t\t\t\t\t<i aria-hidden=\"true\" class=\"fas fa-long-arrow-alt-right\"><\/i>\t\t\t\t\t\t<\/span>\n\t\t\t\t\t\t\t\t\t\t<span class=\"elementor-icon-list-text\">CNUF Network<\/span>\n\t\t\t\t\t\t\t\t\t\t\t<\/a>\n\t\t\t\t\t\t\t\t\t<\/li>\n\t\t\t\t\t\t\t\t<li class=\"elementor-icon-list-item elementor-inline-item\">\n\t\t\t\t\t\t\t\t\t\t\t<span class=\"elementor-icon-list-icon\">\n\t\t\t\t\t\t\t<i aria-hidden=\"true\" class=\"fas fa-long-arrow-alt-right\"><\/i>\t\t\t\t\t\t<\/span>\n\t\t\t\t\t\t\t\t\t\t<span class=\"elementor-icon-list-text\">International Partners<\/span>\n\t\t\t\t\t\t\t\t\t<\/li>\n\t\t\t\t\t\t<\/ul>\n\t\t\t\t\t\t<\/div>\n\t\t\t\t<\/div>\n\t\t\t\t\t<\/div>\n\t\t<\/div>\n\t\t\t\t\t<\/div>\n\t\t<\/section>\n\t\t\t\t<section class=\"elementor-section elementor-top-section elementor-element elementor-element-ed0e387 elementor-section-boxed elementor-section-height-default elementor-section-height-default\" data-id=\"ed0e387\" data-element_type=\"section\" data-e-type=\"section\">\n\t\t\t\t\t\t<div class=\"elementor-container elementor-column-gap-default\">\n\t\t\t\t\t<div class=\"elementor-column elementor-col-100 elementor-top-column elementor-element elementor-element-6563f74\" data-id=\"6563f74\" data-element_type=\"column\" data-e-type=\"column\">\n\t\t\t<div class=\"elementor-widget-wrap elementor-element-populated\">\n\t\t\t\t\t\t<div class=\"elementor-element elementor-element-aee67b6 elementor-widget elementor-widget-text-editor\" data-id=\"aee67b6\" data-element_type=\"widget\" data-e-type=\"widget\" data-widget_type=\"text-editor.default\">\n\t\t\t\t<div class=\"elementor-widget-container\">\n\t\t\t\t\t\t\t\t\t<p>A AIMMP est\u00e1 a apostar na internacionaliza\u00e7\u00e3o da marca CNUF\u00ae, nesse sentido tem vindo a desenvolver esfor\u00e7os para criar uma rede internacional de stake holders, informa\u00e7\u00e3o que em breve ser\u00e1 disponibilizada neste site.<\/p>\n<p>Com a <a href=\"https:\/\/etic.website\" target=\"_blank\" rel=\"noopener\">ETIC \u2013 European Timber Industries Confederation<\/a> tem j\u00e1 estabelecida uma parceria.<\/p>\n\t\t\t\t\t\t\t\t<\/div>\n\t\t\t\t<\/div>\n\t\t\t\t<div class=\"elementor-element elementor-element-5efa7ad elementor-posts--thumbnail-top elementor-grid-3 elementor-grid-tablet-2 elementor-grid-mobile-1 elementor-widget elementor-widget-posts\" data-id=\"5efa7ad\" data-element_type=\"widget\" data-e-type=\"widget\" data-settings=\"{&quot;custom_columns&quot;:&quot;3&quot;,&quot;custom_columns_tablet&quot;:&quot;2&quot;,&quot;custom_columns_mobile&quot;:&quot;1&quot;,&quot;custom_row_gap&quot;:{&quot;unit&quot;:&quot;px&quot;,&quot;size&quot;:35,&quot;sizes&quot;:[]},&quot;custom_row_gap_tablet&quot;:{&quot;unit&quot;:&quot;px&quot;,&quot;size&quot;:&quot;&quot;,&quot;sizes&quot;:[]},&quot;custom_row_gap_mobile&quot;:{&quot;unit&quot;:&quot;px&quot;,&quot;size&quot;:&quot;&quot;,&quot;sizes&quot;:[]}}\" data-widget_type=\"posts.custom\">\n\t\t\t\t<div class=\"elementor-widget-container\">\n\t\t\t\t\t      <div class=\"ecs-posts elementor-posts-container elementor-posts   elementor-grid elementor-posts--skin-custom\" data-settings=\"{&quot;current_page&quot;:1,&quot;max_num_pages&quot;:1,&quot;load_method&quot;:&quot;&quot;,&quot;widget_id&quot;:&quot;5efa7ad&quot;,&quot;post_id&quot;:1053,&quot;theme_id&quot;:1053,&quot;change_url&quot;:false,&quot;reinit_js&quot;:false}\">\n      \t\t<article id=\"post-1804\" class=\"elementor-post elementor-grid-item ecs-post-loop post-1804 parceiros_int type-parceiros_int status-publish has-post-thumbnail hentry paises-bruxelas\">\n\t\t\t\t<div data-elementor-type=\"loop\" data-elementor-id=\"1806\" class=\"elementor elementor-1806 post-1804 parceiros_int type-parceiros_int status-publish has-post-thumbnail hentry paises-bruxelas\" data-elementor-post-type=\"elementor_library\">\n\t\t\t\t\t<section class=\"elementor-section elementor-top-section elementor-element elementor-element-a923ffe elementor-section-boxed elementor-section-height-default elementor-section-height-default\" data-id=\"a923ffe\" data-element_type=\"section\" data-e-type=\"section\">\n\t\t\t\t\t\t<div class=\"elementor-container elementor-column-gap-default\">\n\t\t\t\t\t<div class=\"elementor-column elementor-col-100 elementor-top-column elementor-element elementor-element-e3be650\" data-id=\"e3be650\" data-element_type=\"column\" data-e-type=\"column\">\n\t\t\t<div class=\"elementor-widget-wrap elementor-element-populated\">\n\t\t\t\t\t\t<section class=\"elementor-section elementor-inner-section elementor-element elementor-element-6a7bfc5 elementor-section-content-middle elementor-section-boxed elementor-section-height-default elementor-section-height-default\" data-id=\"6a7bfc5\" data-element_type=\"section\" data-e-type=\"section\">\n\t\t\t\t\t\t<div class=\"elementor-container elementor-column-gap-default\">\n\t\t\t\t\t<div class=\"elementor-column elementor-col-100 elementor-inner-column elementor-element elementor-element-023bd48\" data-id=\"023bd48\" data-element_type=\"column\" data-e-type=\"column\">\n\t\t\t<div class=\"elementor-widget-wrap elementor-element-populated\">\n\t\t\t\t\t\t<div class=\"elementor-element elementor-element-ca3ff84 elementor-widget elementor-widget-image\" data-id=\"ca3ff84\" data-element_type=\"widget\" data-e-type=\"widget\" data-widget_type=\"image.default\">\n\t\t\t\t<div class=\"elementor-widget-container\">\n\t\t\t\t\t\t\t\t\t\t\t\t\t\t\t\t<a href=\"https:\/\/etic.website\" target=\"_blank\">\n\t\t\t\t\t\t\t<img fetchpriority=\"high\" decoding=\"async\" width=\"500\" height=\"300\" src=\"https:\/\/cnuf.pt\/wp-content\/uploads\/2022\/04\/cnuf-etic-parceiro-internacional.png\" class=\"attachment-large size-large wp-image-1805\" alt=\"\" srcset=\"https:\/\/cnuf.pt\/wp-content\/uploads\/2022\/04\/cnuf-etic-parceiro-internacional.png 500w, https:\/\/cnuf.pt\/wp-content\/uploads\/2022\/04\/cnuf-etic-parceiro-internacional-300x180.png 300w\" sizes=\"(max-width: 500px) 100vw, 500px\" \/>\t\t\t\t\t\t\t\t<\/a>\n\t\t\t\t\t\t\t\t\t\t\t\t\t\t\t<\/div>\n\t\t\t\t<\/div>\n\t\t\t\t\t<\/div>\n\t\t<\/div>\n\t\t\t\t\t<\/div>\n\t\t<\/section>\n\t\t\t\t<div class=\"elementor-element elementor-element-847f479 elementor-icon-list--layout-traditional elementor-list-item-link-full_width elementor-widget elementor-widget-icon-list\" data-id=\"847f479\" data-element_type=\"widget\" data-e-type=\"widget\" data-widget_type=\"icon-list.default\">\n\t\t\t\t<div class=\"elementor-widget-container\">\n\t\t\t\t\t\t\t<ul class=\"elementor-icon-list-items\">\n\t\t\t\t\t\t\t<li class=\"elementor-icon-list-item\">\n\t\t\t\t\t\t\t\t\t\t\t<span class=\"elementor-icon-list-icon\">\n\t\t\t\t\t\t\t<i aria-hidden=\"true\" class=\"fas fa-map-marker\"><\/i>\t\t\t\t\t\t<\/span>\n\t\t\t\t\t\t\t\t\t\t<span class=\"elementor-icon-list-text\">Square de Mee\u00fbs, 40 B-1000 Brussels Belgium<\/span>\n\t\t\t\t\t\t\t\t\t<\/li>\n\t\t\t\t\t\t\t\t<li class=\"elementor-icon-list-item\">\n\t\t\t\t\t\t\t\t\t\t\t<span class=\"elementor-icon-list-icon\">\n\t\t\t\t\t\t\t<i aria-hidden=\"true\" class=\"fas fa-globe\"><\/i>\t\t\t\t\t\t<\/span>\n\t\t\t\t\t\t\t\t\t\t<span class=\"elementor-icon-list-text\"><span>Bruxelas<\/span><\/span>\n\t\t\t\t\t\t\t\t\t<\/li>\n\t\t\t\t\t\t\t\t<li class=\"elementor-icon-list-item\">\n\t\t\t\t\t\t\t\t\t\t\t<span class=\"elementor-icon-list-icon\">\n\t\t\t\t\t\t\t<i aria-hidden=\"true\" class=\"fas fa-phone\"><\/i>\t\t\t\t\t\t<\/span>\n\t\t\t\t\t\t\t\t\t\t<span class=\"elementor-icon-list-text\">+32 475 93 90 91<\/span>\n\t\t\t\t\t\t\t\t\t<\/li>\n\t\t\t\t\t\t\t\t<li class=\"elementor-icon-list-item\">\n\t\t\t\t\t\t\t\t\t\t\t<span class=\"elementor-icon-list-icon\">\n\t\t\t\t\t\t\t<i aria-hidden=\"true\" class=\"far fa-envelope\"><\/i>\t\t\t\t\t\t<\/span>\n\t\t\t\t\t\t\t\t\t\t<span class=\"elementor-icon-list-text\">cnuf@etic.website<\/span>\n\t\t\t\t\t\t\t\t\t<\/li>\n\t\t\t\t\t\t\t\t<li class=\"elementor-icon-list-item\">\n\t\t\t\t\t\t\t\t\t\t\t<a href=\"https:\/\/etic.website\" target=\"_blank\">\n\n\t\t\t\t\t\t\t\t\t\t\t\t<span class=\"elementor-icon-list-icon\">\n\t\t\t\t\t\t\t<i aria-hidden=\"true\" class=\"fas fa-globe-europe\"><\/i>\t\t\t\t\t\t<\/span>\n\t\t\t\t\t\t\t\t\t\t<span class=\"elementor-icon-list-text\">https:\/\/etic.website<\/span>\n\t\t\t\t\t\t\t\t\t\t\t<\/a>\n\t\t\t\t\t\t\t\t\t<\/li>\n\t\t\t\t\t\t<\/ul>\n\t\t\t\t\t\t<\/div>\n\t\t\t\t<\/div>\n\t\t\t\t\t<\/div>\n\t\t<\/div>\n\t\t\t\t\t<\/div>\n\t\t<\/section>\n\t\t\t\t<\/div>\n\t\t\t\t<\/article>\n\t\t\t\t<\/div>\n\t\t\t\t\t\t<\/div>\n\t\t\t\t<\/div>\n\t\t\t\t\t<\/div>\n\t\t<\/div>\n\t\t\t\t\t<\/div>\n\t\t<\/section>\n\t\t\t\t<\/div>\n\t\t<div style=\"margin: 20px 0;\"><div class=\"qrcswholewtapper\" style=\"text-align:left;\"><div class=\"qrcprowrapper\"  id=\"qrcwraa2leds\"><div class=\"qrc_canvass\" id=\"qrc_cuttenpages_2\" style=\"display:inline-block\" data-text=\"https:\/\/cnuf.pt\/en\/parceiros_internacionais\/etic\/\"><\/div><\/div><\/div><\/div>","protected":false},"excerpt":{"rendered":"<p>International Partners Home CNUF Network International Partners A AIMMP est\u00e1 a apostar na internacionaliza\u00e7\u00e3o da marca CNUF\u00ae, nesse sentido tem vindo a desenvolver esfor\u00e7os para criar uma rede internacional de stake holders, informa\u00e7\u00e3o que em breve ser\u00e1 disponibilizada neste site. Com a ETIC \u2013 European Timber Industries Confederation tem j\u00e1 estabelecida uma parceria.<\/p>\n","protected":false},"author":1,"featured_media":0,"parent":1048,"menu_order":0,"comment_status":"closed","ping_status":"closed","template":"","meta":{"_acf_changed":false,"footnotes":""},"class_list":["post-1053","page","type-page","status-publish","hentry"],"acf":[],"yoast_head":"<!-- This site is optimized with the Yoast SEO plugin v27.4 - https:\/\/yoast.com\/product\/yoast-seo-wordpress\/ -->\n<title>International Partners - CNUF - Urna Ecol\u00f3gica Certificada<\/title>\n<meta name=\"robots\" content=\"index, follow, max-snippet:-1, max-image-preview:large, max-video-preview:-1\" \/>\n<link rel=\"canonical\" href=\"https:\/\/cnuf.pt\/en\/cnuf-network\/national-partners\/\" \/>\n<meta property=\"og:locale\" content=\"en_US\" \/>\n<meta property=\"og:type\" content=\"article\" \/>\n<meta property=\"og:title\" content=\"International Partners - CNUF - Urna Ecol\u00f3gica Certificada\" \/>\n<meta property=\"og:description\" content=\"International Partners Home CNUF Network International Partners A AIMMP est\u00e1 a apostar na internacionaliza\u00e7\u00e3o da marca CNUF\u00ae, nesse sentido tem vindo a desenvolver esfor\u00e7os para criar uma rede internacional de stake holders, informa\u00e7\u00e3o que em breve ser\u00e1 disponibilizada neste site. Com a ETIC \u2013 European Timber Industries Confederation tem j\u00e1 estabelecida uma parceria.\" \/>\n<meta property=\"og:url\" content=\"https:\/\/cnuf.pt\/en\/cnuf-network\/national-partners\/\" \/>\n<meta property=\"og:site_name\" content=\"CNUF - Urna Ecol\u00f3gica Certificada\" \/>\n<meta property=\"article:modified_time\" content=\"2023-02-22T11:57:18+00:00\" \/>\n<meta name=\"twitter:card\" content=\"summary_large_image\" \/>\n<script type=\"application\/ld+json\" class=\"yoast-schema-graph\">{\"@context\":\"https:\\\/\\\/schema.org\",\"@graph\":[{\"@type\":\"WebPage\",\"@id\":\"https:\\\/\\\/cnuf.pt\\\/en\\\/cnuf-network\\\/national-partners\\\/\",\"url\":\"https:\\\/\\\/cnuf.pt\\\/en\\\/cnuf-network\\\/national-partners\\\/\",\"name\":\"International Partners - CNUF - Urna Ecol\u00f3gica Certificada\",\"isPartOf\":{\"@id\":\"https:\\\/\\\/cnuf.pt\\\/#website\"},\"datePublished\":\"2022-03-16T13:51:19+00:00\",\"dateModified\":\"2023-02-22T11:57:18+00:00\",\"breadcrumb\":{\"@id\":\"https:\\\/\\\/cnuf.pt\\\/en\\\/cnuf-network\\\/national-partners\\\/#breadcrumb\"},\"inLanguage\":\"en-US\",\"potentialAction\":[{\"@type\":\"ReadAction\",\"target\":[\"https:\\\/\\\/cnuf.pt\\\/en\\\/cnuf-network\\\/national-partners\\\/\"]}]},{\"@type\":\"BreadcrumbList\",\"@id\":\"https:\\\/\\\/cnuf.pt\\\/en\\\/cnuf-network\\\/national-partners\\\/#breadcrumb\",\"itemListElement\":[{\"@type\":\"ListItem\",\"position\":1,\"name\":\"In\u00edcio\",\"item\":\"https:\\\/\\\/cnuf.pt\\\/en\\\/home\\\/\"},{\"@type\":\"ListItem\",\"position\":2,\"name\":\"CNUF Network\",\"item\":\"https:\\\/\\\/cnuf.pt\\\/en\\\/cnuf-network\\\/\"},{\"@type\":\"ListItem\",\"position\":3,\"name\":\"International Partners\"}]},{\"@type\":\"WebSite\",\"@id\":\"https:\\\/\\\/cnuf.pt\\\/#website\",\"url\":\"https:\\\/\\\/cnuf.pt\\\/\",\"name\":\"CNUF - Urna Ecol\u00f3gica Certificada\",\"description\":\"\",\"publisher\":{\"@id\":\"https:\\\/\\\/cnuf.pt\\\/#organization\"},\"potentialAction\":[{\"@type\":\"SearchAction\",\"target\":{\"@type\":\"EntryPoint\",\"urlTemplate\":\"https:\\\/\\\/cnuf.pt\\\/?s={search_term_string}\"},\"query-input\":{\"@type\":\"PropertyValueSpecification\",\"valueRequired\":true,\"valueName\":\"search_term_string\"}}],\"inLanguage\":\"en-US\"},{\"@type\":\"Organization\",\"@id\":\"https:\\\/\\\/cnuf.pt\\\/#organization\",\"name\":\"CNUF - Urna Ecol\u00f3gica Certificada\",\"url\":\"https:\\\/\\\/cnuf.pt\\\/\",\"logo\":{\"@type\":\"ImageObject\",\"inLanguage\":\"en-US\",\"@id\":\"https:\\\/\\\/cnuf.pt\\\/#\\\/schema\\\/logo\\\/image\\\/\",\"url\":\"https:\\\/\\\/cnuf.pt\\\/wp-content\\\/uploads\\\/2022\\\/03\\\/cnuf-urna-ecologica-certificada.png\",\"contentUrl\":\"https:\\\/\\\/cnuf.pt\\\/wp-content\\\/uploads\\\/2022\\\/03\\\/cnuf-urna-ecologica-certificada.png\",\"width\":750,\"height\":248,\"caption\":\"CNUF - Urna Ecol\u00f3gica Certificada\"},\"image\":{\"@id\":\"https:\\\/\\\/cnuf.pt\\\/#\\\/schema\\\/logo\\\/image\\\/\"}}]}<\/script>\n<!-- \/ Yoast SEO plugin. -->","yoast_head_json":{"title":"International Partners - CNUF - Urna Ecol\u00f3gica Certificada","robots":{"index":"index","follow":"follow","max-snippet":"max-snippet:-1","max-image-preview":"max-image-preview:large","max-video-preview":"max-video-preview:-1"},"canonical":"https:\/\/cnuf.pt\/en\/cnuf-network\/national-partners\/","og_locale":"en_US","og_type":"article","og_title":"International Partners - CNUF - Urna Ecol\u00f3gica Certificada","og_description":"International Partners Home CNUF Network International Partners A AIMMP est\u00e1 a apostar na internacionaliza\u00e7\u00e3o da marca CNUF\u00ae, nesse sentido tem vindo a desenvolver esfor\u00e7os para criar uma rede internacional de stake holders, informa\u00e7\u00e3o que em breve ser\u00e1 disponibilizada neste site. Com a ETIC \u2013 European Timber Industries Confederation tem j\u00e1 estabelecida uma parceria.","og_url":"https:\/\/cnuf.pt\/en\/cnuf-network\/national-partners\/","og_site_name":"CNUF - Urna Ecol\u00f3gica Certificada","article_modified_time":"2023-02-22T11:57:18+00:00","twitter_card":"summary_large_image","schema":{"@context":"https:\/\/schema.org","@graph":[{"@type":"WebPage","@id":"https:\/\/cnuf.pt\/en\/cnuf-network\/national-partners\/","url":"https:\/\/cnuf.pt\/en\/cnuf-network\/national-partners\/","name":"International Partners - CNUF - Urna Ecol\u00f3gica Certificada","isPartOf":{"@id":"https:\/\/cnuf.pt\/#website"},"datePublished":"2022-03-16T13:51:19+00:00","dateModified":"2023-02-22T11:57:18+00:00","breadcrumb":{"@id":"https:\/\/cnuf.pt\/en\/cnuf-network\/national-partners\/#breadcrumb"},"inLanguage":"en-US","potentialAction":[{"@type":"ReadAction","target":["https:\/\/cnuf.pt\/en\/cnuf-network\/national-partners\/"]}]},{"@type":"BreadcrumbList","@id":"https:\/\/cnuf.pt\/en\/cnuf-network\/national-partners\/#breadcrumb","itemListElement":[{"@type":"ListItem","position":1,"name":"In\u00edcio","item":"https:\/\/cnuf.pt\/en\/home\/"},{"@type":"ListItem","position":2,"name":"CNUF Network","item":"https:\/\/cnuf.pt\/en\/cnuf-network\/"},{"@type":"ListItem","position":3,"name":"International Partners"}]},{"@type":"WebSite","@id":"https:\/\/cnuf.pt\/#website","url":"https:\/\/cnuf.pt\/","name":"CNUF - Urna Ecol\u00f3gica Certificada","description":"","publisher":{"@id":"https:\/\/cnuf.pt\/#organization"},"potentialAction":[{"@type":"SearchAction","target":{"@type":"EntryPoint","urlTemplate":"https:\/\/cnuf.pt\/?s={search_term_string}"},"query-input":{"@type":"PropertyValueSpecification","valueRequired":true,"valueName":"search_term_string"}}],"inLanguage":"en-US"},{"@type":"Organization","@id":"https:\/\/cnuf.pt\/#organization","name":"CNUF - Urna Ecol\u00f3gica Certificada","url":"https:\/\/cnuf.pt\/","logo":{"@type":"ImageObject","inLanguage":"en-US","@id":"https:\/\/cnuf.pt\/#\/schema\/logo\/image\/","url":"https:\/\/cnuf.pt\/wp-content\/uploads\/2022\/03\/cnuf-urna-ecologica-certificada.png","contentUrl":"https:\/\/cnuf.pt\/wp-content\/uploads\/2022\/03\/cnuf-urna-ecologica-certificada.png","width":750,"height":248,"caption":"CNUF - Urna Ecol\u00f3gica Certificada"},"image":{"@id":"https:\/\/cnuf.pt\/#\/schema\/logo\/image\/"}}]}},"_links":{"self":[{"href":"https:\/\/cnuf.pt\/en\/wp-json\/wp\/v2\/pages\/1053","targetHints":{"allow":["GET"]}}],"collection":[{"href":"https:\/\/cnuf.pt\/en\/wp-json\/wp\/v2\/pages"}],"about":[{"href":"https:\/\/cnuf.pt\/en\/wp-json\/wp\/v2\/types\/page"}],"author":[{"embeddable":true,"href":"https:\/\/cnuf.pt\/en\/wp-json\/wp\/v2\/users\/1"}],"replies":[{"embeddable":true,"href":"https:\/\/cnuf.pt\/en\/wp-json\/wp\/v2\/comments?post=1053"}],"version-history":[{"count":4,"href":"https:\/\/cnuf.pt\/en\/wp-json\/wp\/v2\/pages\/1053\/revisions"}],"predecessor-version":[{"id":2089,"href":"https:\/\/cnuf.pt\/en\/wp-json\/wp\/v2\/pages\/1053\/revisions\/2089"}],"up":[{"embeddable":true,"href":"https:\/\/cnuf.pt\/en\/wp-json\/wp\/v2\/pages\/1048"}],"wp:attachment":[{"href":"https:\/\/cnuf.pt\/en\/wp-json\/wp\/v2\/media?parent=1053"}],"curies":[{"name":"wp","href":"https:\/\/api.w.org\/{rel}","templated":true}]}}